{"id":16640,"date":"2021-12-01T17:30:33","date_gmt":"2021-12-01T14:30:33","guid":{"rendered":"https:\/\/acu-sy.org\/call-us\/"},"modified":"2024-09-16T10:51:11","modified_gmt":"2024-09-16T07:51:11","slug":"call-us","status":"publish","type":"page","link":"https:\/\/acu-sy.org\/ar\/call-us\/","title":{"rendered":"\u062a\u0648\u0627\u0635\u0644 \u0645\u0639\u0646\u0627"},"content":{"rendered":"\t\t<div data-elementor-type=\"wp-page\" data-elementor-id=\"16640\" class=\"elementor elementor-16640 elementor-1370\" data-elementor-post-type=\"page\">\n\t\t\t\t\t\t<section class=\"elementor-section elementor-top-section elementor-element elementor-element-7c8f0bc elementor-section-stretched elementor-section-full_width elementor-section-height-default elementor-section-height-default\" data-id=\"7c8f0bc\" data-element_type=\"section\" data-settings=\"{&quot;stretch_section&quot;:&quot;section-stretched&quot;}\">\n\t\t\t\t\t\t<div class=\"elementor-container elementor-column-gap-default\">\n\t\t\t\t\t<div class=\"elementor-column elementor-col-50 elementor-top-column elementor-element elementor-element-19f980e\" data-id=\"19f980e\" data-element_type=\"column\">\n\t\t\t<div class=\"elementor-widget-wrap elementor-element-populated\">\n\t\t\t\t\t\t<div class=\"elementor-element elementor-element-7346aec elementor-widget elementor-widget-heading\" data-id=\"7346aec\" data-element_type=\"widget\" data-widget_type=\"heading.default\">\n\t\t\t\t<div class=\"elementor-widget-container\">\n\t\t\t\t\t<h2 class=\"elementor-heading-title elementor-size-default\">\u0645\u0639\u0644\u0648\u0645\u0627\u062a \u0627\u0644\u062a\u0648\u0627\u0635\u0644<\/h2>\t\t\t\t<\/div>\n\t\t\t\t<\/div>\n\t\t\t\t<div class=\"elementor-element elementor-element-fcaaac4 elementor-hidden-desktop elementor-hidden-tablet elementor-widget elementor-widget-image\" data-id=\"fcaaac4\" data-element_type=\"widget\" data-widget_type=\"image.default\">\n\t\t\t\t<div class=\"elementor-widget-container\">\n\t\t\t\t\t\t\t\t\t\t\t\t\t\t\t<img fetchpriority=\"high\" decoding=\"async\" width=\"995\" height=\"1024\" src=\"https:\/\/acu-sy.org\/wp-content\/uploads\/2022\/01\/Contact-us-BG1-e1642415570179-995x1024.png\" class=\"attachment-large size-large wp-image-9674\" alt=\"\" srcset=\"https:\/\/acu-sy.org\/wp-content\/uploads\/2022\/01\/Contact-us-BG1-e1642415570179-995x1024.png 995w, https:\/\/acu-sy.org\/wp-content\/uploads\/2022\/01\/Contact-us-BG1-e1642415570179-292x300.png 292w, https:\/\/acu-sy.org\/wp-content\/uploads\/2022\/01\/Contact-us-BG1-e1642415570179-768x790.png 768w, https:\/\/acu-sy.org\/wp-content\/uploads\/2022\/01\/Contact-us-BG1-e1642415570179-142x146.png 142w, https:\/\/acu-sy.org\/wp-content\/uploads\/2022\/01\/Contact-us-BG1-e1642415570179-50x50.png 50w, https:\/\/acu-sy.org\/wp-content\/uploads\/2022\/01\/Contact-us-BG1-e1642415570179-73x75.png 73w, https:\/\/acu-sy.org\/wp-content\/uploads\/2022\/01\/Contact-us-BG1-e1642415570179.png 1348w\" sizes=\"(max-width: 995px) 100vw, 995px\" \/>\t\t\t\t\t\t\t\t\t\t\t\t\t\t\t<\/div>\n\t\t\t\t<\/div>\n\t\t\t\t<div class=\"elementor-element elementor-element-3eec105 elementor-widget elementor-widget-text-editor\" data-id=\"3eec105\" data-element_type=\"widget\" data-widget_type=\"text-editor.default\">\n\t\t\t\t<div class=\"elementor-widget-container\">\n\t\t\t\t\t\t\t\t\t<p>\u0130ncilip\u0131nar Mah. 3 Nolu Cd. Ak\u0131nalan i\u015f Mrk. Kat:5 \u015eehitkamil, Gaziantep<\/p>\t\t\t\t\t\t\t\t<\/div>\n\t\t\t\t<\/div>\n\t\t\t\t<div class=\"elementor-element elementor-element-77f9931 elementor-mobile-align-left elementor-icon-list--layout-traditional elementor-list-item-link-full_width elementor-widget elementor-widget-icon-list\" data-id=\"77f9931\" data-element_type=\"widget\" data-widget_type=\"icon-list.default\">\n\t\t\t\t<div class=\"elementor-widget-container\">\n\t\t\t\t\t\t\t<ul class=\"elementor-icon-list-items\">\n\t\t\t\t\t\t\t<li class=\"elementor-icon-list-item\">\n\t\t\t\t\t\t\t\t\t\t\t<a href=\"tel:%20+903422201099\">\n\n\t\t\t\t\t\t\t\t\t\t\t\t<span class=\"elementor-icon-list-icon\">\n\t\t\t\t\t\t\t<i aria-hidden=\"true\" class=\"fas fa-circle\"><\/i>\t\t\t\t\t\t<\/span>\n\t\t\t\t\t\t\t\t\t\t<span class=\"elementor-icon-list-text\">99 10 220 342 90+<\/span>\n\t\t\t\t\t\t\t\t\t\t\t<\/a>\n\t\t\t\t\t\t\t\t\t<\/li>\n\t\t\t\t\t\t\t\t<li class=\"elementor-icon-list-item\">\n\t\t\t\t\t\t\t\t\t\t\t<a href=\"mailto:%20info@acu-sy.org\">\n\n\t\t\t\t\t\t\t\t\t\t\t\t<span class=\"elementor-icon-list-icon\">\n\t\t\t\t\t\t\t<i aria-hidden=\"true\" class=\"fas fa-circle\"><\/i>\t\t\t\t\t\t<\/span>\n\t\t\t\t\t\t\t\t\t\t<span class=\"elementor-icon-list-text\">info@acu-sy.org<\/span>\n\t\t\t\t\t\t\t\t\t\t\t<\/a>\n\t\t\t\t\t\t\t\t\t<\/li>\n\t\t\t\t\t\t<\/ul>\n\t\t\t\t\t\t<\/div>\n\t\t\t\t<\/div>\n\t\t\t\t<div class=\"elementor-element elementor-element-b0e3439 elementor-widget elementor-widget-heading\" data-id=\"b0e3439\" data-element_type=\"widget\" data-widget_type=\"heading.default\">\n\t\t\t\t<div class=\"elementor-widget-container\">\n\t\t\t\t\t<h2 class=\"elementor-heading-title elementor-size-default\">\u062a\u0627\u0628\u0639 \u0627\u0644\u0646\u0634\u0631\u0629 \u0627\u0644\u0628\u0631\u064a\u062f\u064a\u0629<\/h2>\t\t\t\t<\/div>\n\t\t\t\t<\/div>\n\t\t\t\t<div class=\"elementor-element elementor-element-802a816 elementor-widget elementor-widget-shortcode\" data-id=\"802a816\" data-element_type=\"widget\" data-widget_type=\"shortcode.default\">\n\t\t\t\t<div class=\"elementor-widget-container\">\n\t\t\t\t\t\t\t<div class=\"elementor-shortcode\"><script>(function() {\n\twindow.mc4wp = window.mc4wp || {\n\t\tlisteners: [],\n\t\tforms: {\n\t\t\ton: function(evt, cb) {\n\t\t\t\twindow.mc4wp.listeners.push(\n\t\t\t\t\t{\n\t\t\t\t\t\tevent   : evt,\n\t\t\t\t\t\tcallback: cb\n\t\t\t\t\t}\n\t\t\t\t);\n\t\t\t}\n\t\t}\n\t}\n})();\n<\/script><!-- Mailchimp for WordPress v4.9.21 - https:\/\/wordpress.org\/plugins\/mailchimp-for-wp\/ --><form id=\"mc4wp-form-1\" class=\"mc4wp-form mc4wp-form-23429\" method=\"post\" data-id=\"23429\" data-name=\"Subscribe\" ><div class=\"mc4wp-form-fields\"><p>\r\n    \r\n    <label>\r\n        <input name=\"_mc4wp_lists[]\" type=\"checkbox\" value=\"1fa81d3d7a\" checked=\"true\"> <span>\u0648\u062d\u062f\u0629 \u062a\u0646\u0633\u064a\u0642 \u0627\u0644\u062f\u0639\u0645<\/span>\r\n    <\/label>\r\n    <label>\r\n        <input name=\"_mc4wp_lists[]\" type=\"checkbox\" value=\"7fe43d0b50\" checked=\"true\"> <span>\u0648\u062d\u062f\u0629 \u0625\u062f\u0627\u0631\u0629 \u0627\u0644\u0645\u0639\u0644\u0648\u0645\u0627\u062a IMU<\/span>\r\n    <\/label>\r\n    <label>\r\n        <input name=\"_mc4wp_lists[]\" type=\"checkbox\" value=\"85afff6b31\" checked=\"true\"> <span>Early Warning Alert and Response Network (EWARN)<\/span>\r\n    <\/label>\r\n    \r\n    <label>\r\n        <input name=\"_mc4wp_lists[]\" type=\"checkbox\" value=\"e65ab67e5f\" checked=\"true\"> <span>Information Management Unit (IMU)<\/span>\r\n    <\/label>\r\n   \r\n    <label>\r\n        <input name=\"_mc4wp_lists[]\" type=\"checkbox\" value=\"fbb3edf8e3\" checked=\"true\"> <span>Assistance Coordination Unit (ACU)<\/span>\r\n    <\/label>\r\n<\/p>\r\n<p>\r\n\t<label>Email address: \r\n\t\t<input type=\"email\" name=\"EMAIL\" placeholder=\"Your email address\" required \/>\r\n<\/label>\r\n<\/p>\r\n\r\n<p>\r\n\t<input type=\"submit\" value=\"Sign up\" \/>\r\n<\/p><\/div><label style=\"display: none !important;\">Leave this field empty if you're human: <input type=\"text\" name=\"_mc4wp_honeypot\" value=\"\" tabindex=\"-1\" autocomplete=\"off\" \/><\/label><input type=\"hidden\" name=\"_mc4wp_timestamp\" value=\"1775917781\" \/><input type=\"hidden\" name=\"_mc4wp_form_id\" value=\"23429\" \/><input type=\"hidden\" name=\"_mc4wp_form_element_id\" value=\"mc4wp-form-1\" \/><div class=\"mc4wp-response\"><\/div><\/form><!-- \/ Mailchimp for WordPress Plugin --><\/div>\n\t\t\t\t\t\t<\/div>\n\t\t\t\t<\/div>\n\t\t\t\t<div class=\"elementor-element elementor-element-042db4d elementor-widget elementor-widget-heading\" data-id=\"042db4d\" data-element_type=\"widget\" data-widget_type=\"heading.default\">\n\t\t\t\t<div class=\"elementor-widget-container\">\n\t\t\t\t\t<h2 class=\"elementor-heading-title elementor-size-default\">\u0627\u0646\u0636\u0645 \u0625\u0644\u0649 \u0641\u0631\u064a\u0642\u0646\u0627<\/h2>\t\t\t\t<\/div>\n\t\t\t\t<\/div>\n\t\t\t\t<div class=\"elementor-element elementor-element-5e6ad9e elementor-icon-list--layout-inline elementor-align-left elementor-list-item-link-full_width elementor-widget elementor-widget-icon-list\" data-id=\"5e6ad9e\" data-element_type=\"widget\" data-widget_type=\"icon-list.default\">\n\t\t\t\t<div class=\"elementor-widget-container\">\n\t\t\t\t\t\t\t<ul class=\"elementor-icon-list-items elementor-inline-items\">\n\t\t\t\t\t\t\t<li class=\"elementor-icon-list-item elementor-inline-item\">\n\t\t\t\t\t\t\t\t\t\t\t<a href=\"https:\/\/acu-sy.org\/ar\/job-opportunity\/\" target=\"_blank\">\n\n\t\t\t\t\t\t\t\t\t\t\t\t<span class=\"elementor-icon-list-icon\">\n\t\t\t\t\t\t\t<i aria-hidden=\"true\" class=\"far fa-caret-square-left\"><\/i>\t\t\t\t\t\t<\/span>\n\t\t\t\t\t\t\t\t\t\t<span class=\"elementor-icon-list-text\">\u0648\u0638\u0627\u0626\u0641<\/span>\n\t\t\t\t\t\t\t\t\t\t\t<\/a>\n\t\t\t\t\t\t\t\t\t<\/li>\n\t\t\t\t\t\t\t\t<li class=\"elementor-icon-list-item elementor-inline-item\">\n\t\t\t\t\t\t\t\t\t\t\t<a href=\"#\">\n\n\t\t\t\t\t\t\t\t\t\t\t\t<span class=\"elementor-icon-list-icon\">\n\t\t\t\t\t\t\t<i aria-hidden=\"true\" class=\"far fa-caret-square-left\"><\/i>\t\t\t\t\t\t<\/span>\n\t\t\t\t\t\t\t\t\t\t<span class=\"elementor-icon-list-text\">\u0627\u0646\u0636\u0645 \u0625\u0644\u064a\u0646\u0627<\/span>\n\t\t\t\t\t\t\t\t\t\t\t<\/a>\n\t\t\t\t\t\t\t\t\t<\/li>\n\t\t\t\t\t\t<\/ul>\n\t\t\t\t\t\t<\/div>\n\t\t\t\t<\/div>\n\t\t\t\t<div class=\"elementor-element elementor-element-22c38d1 elementor-widget elementor-widget-heading\" data-id=\"22c38d1\" data-element_type=\"widget\" data-widget_type=\"heading.default\">\n\t\t\t\t<div class=\"elementor-widget-container\">\n\t\t\t\t\t<h2 class=\"elementor-heading-title elementor-size-default\"><a href=\"https:\/\/acu-sy.org\/ar\/%d8%a7%d9%84%d8%ad%d9%85%d8%a7%d9%8a%d8%a9\/\">\u0627\u0644\u062e\u0637 \u0627\u0644\u0633\u0627\u062e\u0646 \u0644\u0644\u0646\u0632\u0627\u0647\u0629 \u0648\u0627\u0644\u062d\u0645\u0627\u064a\u0629<\/a><\/h2>\t\t\t\t<\/div>\n\t\t\t\t<\/div>\n\t\t\t\t\t<\/div>\n\t\t<\/div>\n\t\t\t\t<div class=\"elementor-column elementor-col-50 elementor-top-column elementor-element elementor-element-6794181 elementor-hidden-mobile\" data-id=\"6794181\" data-element_type=\"column\" data-settings=\"{&quot;background_background&quot;:&quot;classic&quot;}\">\n\t\t\t<div class=\"elementor-widget-wrap elementor-element-populated\">\n\t\t\t\t\t<div class=\"elementor-background-overlay\"><\/div>\n\t\t\t\t\t\t<div class=\"elementor-element elementor-element-261ab07 elementor-widget elementor-widget-image\" data-id=\"261ab07\" data-element_type=\"widget\" data-widget_type=\"image.default\">\n\t\t\t\t<div class=\"elementor-widget-container\">\n\t\t\t\t\t\t\t\t\t\t\t\t\t\t\t<img decoding=\"async\" width=\"1024\" height=\"1024\" src=\"https:\/\/acu-sy.org\/wp-content\/uploads\/2022\/04\/phone2-1024x1024.png\" class=\"attachment-large size-large wp-image-19905\" alt=\"\" srcset=\"https:\/\/acu-sy.org\/wp-content\/uploads\/2022\/04\/phone2-1024x1024.png 1024w, https:\/\/acu-sy.org\/wp-content\/uploads\/2022\/04\/phone2-300x300.png 300w, https:\/\/acu-sy.org\/wp-content\/uploads\/2022\/04\/phone2-150x150.png 150w, https:\/\/acu-sy.org\/wp-content\/uploads\/2022\/04\/phone2-768x768.png 768w, https:\/\/acu-sy.org\/wp-content\/uploads\/2022\/04\/phone2-146x146.png 146w, https:\/\/acu-sy.org\/wp-content\/uploads\/2022\/04\/phone2-50x50.png 50w, https:\/\/acu-sy.org\/wp-content\/uploads\/2022\/04\/phone2-75x75.png 75w, https:\/\/acu-sy.org\/wp-content\/uploads\/2022\/04\/phone2-85x85.png 85w, https:\/\/acu-sy.org\/wp-content\/uploads\/2022\/04\/phone2-80x80.png 80w, https:\/\/acu-sy.org\/wp-content\/uploads\/2022\/04\/phone2.png 1080w\" sizes=\"(max-width: 1024px) 100vw, 1024px\" \/>\t\t\t\t\t\t\t\t\t\t\t\t\t\t\t<\/div>\n\t\t\t\t<\/div>\n\t\t\t\t\t<\/div>\n\t\t<\/div>\n\t\t\t\t\t<\/div>\n\t\t<\/section>\n\t\t\t\t<section class=\"elementor-section elementor-top-section elementor-element elementor-element-4874d57 elementor-section-full_width elementor-section-stretched elementor-section-height-default elementor-section-height-default\" data-id=\"4874d57\" data-element_type=\"section\" data-settings=\"{&quot;stretch_section&quot;:&quot;section-stretched&quot;}\">\n\t\t\t\t\t\t<div class=\"elementor-container elementor-column-gap-default\">\n\t\t\t\t\t<div class=\"elementor-column elementor-col-100 elementor-top-column elementor-element elementor-element-8f0828e\" data-id=\"8f0828e\" data-element_type=\"column\">\n\t\t\t<div class=\"elementor-widget-wrap elementor-element-populated\">\n\t\t\t\t\t\t<div class=\"elementor-element elementor-element-c6f3220 elementor-widget elementor-widget-google_maps\" data-id=\"c6f3220\" data-element_type=\"widget\" data-widget_type=\"google_maps.default\">\n\t\t\t\t<div class=\"elementor-widget-container\">\n\t\t\t\t\t\t\t<div class=\"elementor-custom-embed\">\n\t\t\t<iframe loading=\"lazy\"\n\t\t\t\t\tsrc=\"https:\/\/maps.google.com\/maps?q=ACU%20Gaziantep&#038;t=m&#038;z=17&#038;output=embed&#038;iwloc=near\"\n\t\t\t\t\ttitle=\"ACU Gaziantep\"\n\t\t\t\t\taria-label=\"ACU Gaziantep\"\n\t\t\t><\/iframe>\n\t\t<\/div>\n\t\t\t\t\t\t<\/div>\n\t\t\t\t<\/div>\n\t\t\t\t\t<\/div>\n\t\t<\/div>\n\t\t\t\t\t<\/div>\n\t\t<\/section>\n\t\t\t\t<\/div>\n\t\t","protected":false},"excerpt":{"rendered":"<p>\u0645\u0639\u0644\u0648\u0645\u0627\u062a \u0627\u0644\u062a\u0648\u0627\u0635\u0644 \u0130ncilip\u0131nar Mah. 3 Nolu Cd. Ak\u0131nalan i\u015f Mrk. Kat:5 \u015eehitkamil, Gaziantep 99 10 220 342 90+ info@acu-sy.org \u062a\u0627\u0628\u0639 \u0627\u0644\u0646\u0634\u0631\u0629 \u0627\u0644\u0628\u0631\u064a\u062f\u064a\u0629 \u0627\u0646\u0636\u0645 \u0625\u0644\u0649 \u0641\u0631\u064a\u0642\u0646\u0627 \u0648\u0638\u0627\u0626\u0641<span class=\"excerpt-hellip\"> [\u2026]<\/span><\/p>\n","protected":false},"author":2,"featured_media":1372,"parent":0,"menu_order":0,"comment_status":"closed","ping_status":"closed","template":"","meta":{"_acf_changed":false,"footnotes":""},"class_list":["post-16640","page","type-page","status-publish","has-post-thumbnail","hentry"],"acf":[],"_links":{"self":[{"href":"https:\/\/acu-sy.org\/ar\/wp-json\/wp\/v2\/pages\/16640","targetHints":{"allow":["GET"]}}],"collection":[{"href":"https:\/\/acu-sy.org\/ar\/wp-json\/wp\/v2\/pages"}],"about":[{"href":"https:\/\/acu-sy.org\/ar\/wp-json\/wp\/v2\/types\/page"}],"author":[{"embeddable":true,"href":"https:\/\/acu-sy.org\/ar\/wp-json\/wp\/v2\/users\/2"}],"replies":[{"embeddable":true,"href":"https:\/\/acu-sy.org\/ar\/wp-json\/wp\/v2\/comments?post=16640"}],"version-history":[{"count":0,"href":"https:\/\/acu-sy.org\/ar\/wp-json\/wp\/v2\/pages\/16640\/revisions"}],"wp:featuredmedia":[{"embeddable":true,"href":"https:\/\/acu-sy.org\/ar\/wp-json\/wp\/v2\/media\/1372"}],"wp:attachment":[{"href":"https:\/\/acu-sy.org\/ar\/wp-json\/wp\/v2\/media?parent=16640"}],"curies":[{"name":"wp","href":"https:\/\/api.w.org\/{rel}","templated":true}]}}