{"id":30435,"date":"2022-01-04T12:16:43","date_gmt":"2022-01-04T09:16:43","guid":{"rendered":"https:\/\/acu-sy.org\/edit-job\/"},"modified":"2024-05-28T22:46:09","modified_gmt":"2024-05-28T19:46:09","slug":"edit-job","status":"publish","type":"page","link":"https:\/\/acu-sy.org\/tr\/edit-job\/","title":{"rendered":"\u0130\u015fi D\u00fczenle"},"content":{"rendered":"\t\t<div data-elementor-type=\"wp-page\" data-elementor-id=\"30435\" class=\"elementor elementor-30435 elementor-7148\" data-elementor-post-type=\"page\">\n\t\t\t\t\t\t<section class=\"elementor-section elementor-top-section elementor-element elementor-element-f147da3 elementor-section-content-middle elementor-section-boxed elementor-section-height-default elementor-section-height-default\" data-id=\"f147da3\" data-element_type=\"section\">\n\t\t\t\t\t\t<div class=\"elementor-container elementor-column-gap-default\">\n\t\t\t\t\t<div class=\"elementor-column elementor-col-33 elementor-top-column elementor-element elementor-element-c9c319b\" data-id=\"c9c319b\" data-element_type=\"column\">\n\t\t\t<div class=\"elementor-widget-wrap elementor-element-populated\">\n\t\t\t\t\t\t<div class=\"elementor-element elementor-element-0d07406 elementor-align-left elementor-widget elementor-widget-button\" data-id=\"0d07406\" data-element_type=\"widget\" data-widget_type=\"button.default\">\n\t\t\t\t<div class=\"elementor-widget-container\">\n\t\t\t\t\t\t\t\t\t<div class=\"elementor-button-wrapper\">\n\t\t\t\t\t<a class=\"elementor-button elementor-button-link elementor-size-sm\" href=\"https:\/\/acu-sy.org\/add-post\/\">\n\t\t\t\t\t\t<span class=\"elementor-button-content-wrapper\">\n\t\t\t\t\t\t<span class=\"elementor-button-icon\">\n\t\t\t\t<i aria-hidden=\"true\" class=\"fas fa-plus\"><\/i>\t\t\t<\/span>\n\t\t\t\t\t\t\t\t\t<span class=\"elementor-button-text\">Add A Post<\/span>\n\t\t\t\t\t<\/span>\n\t\t\t\t\t<\/a>\n\t\t\t\t<\/div>\n\t\t\t\t\t\t\t\t<\/div>\n\t\t\t\t<\/div>\n\t\t\t\t\t<\/div>\n\t\t<\/div>\n\t\t\t\t<div class=\"elementor-column elementor-col-33 elementor-top-column elementor-element elementor-element-cb42361\" data-id=\"cb42361\" data-element_type=\"column\">\n\t\t\t<div class=\"elementor-widget-wrap elementor-element-populated\">\n\t\t\t\t\t\t<div class=\"elementor-element elementor-element-8194988 elementor-nav-menu__align-end elementor-nav-menu--dropdown-tablet elementor-nav-menu__text-align-aside elementor-nav-menu--toggle elementor-nav-menu--burger elementor-widget elementor-widget-nav-menu\" data-id=\"8194988\" data-element_type=\"widget\" data-settings=\"{&quot;layout&quot;:&quot;horizontal&quot;,&quot;submenu_icon&quot;:{&quot;value&quot;:&quot;&lt;i class=\\&quot;fas fa-caret-down\\&quot;&gt;&lt;\\\/i&gt;&quot;,&quot;library&quot;:&quot;fa-solid&quot;},&quot;toggle&quot;:&quot;burger&quot;}\" data-widget_type=\"nav-menu.default\">\n\t\t\t\t<div class=\"elementor-widget-container\">\n\t\t\t\t\t\t\t\t<nav aria-label=\"Men\u00fc\" class=\"elementor-nav-menu--main elementor-nav-menu__container elementor-nav-menu--layout-horizontal e--pointer-underline e--animation-fade\">\n\t\t\t\t<ul id=\"menu-1-8194988\" class=\"elementor-nav-menu\"><li class=\"menu-item menu-item-type-post_type menu-item-object-page menu-item-19633\"><a href=\"https:\/\/acu-sy.org\/dashboard\/\" class=\"elementor-item\">G\u00f6sterge Paneli<\/a><\/li>\n<li class=\"menu-item menu-item-type-post_type menu-item-object-page menu-item-19570\"><a href=\"https:\/\/acu-sy.org\/add-report\/\" class=\"elementor-item\">Rapor Ekle<\/a><\/li>\n<li class=\"menu-item menu-item-type-custom menu-item-object-custom menu-item-3525\"><a href=\"https:\/\/acu-sy.org\/wp-login.php?action=logout\" class=\"elementor-item\">Logout<\/a><\/li>\n<\/ul>\t\t\t<\/nav>\n\t\t\t\t\t<div class=\"elementor-menu-toggle\" role=\"button\" tabindex=\"0\" aria-label=\"Menu Toggle\" aria-expanded=\"false\">\n\t\t\t<i aria-hidden=\"true\" role=\"presentation\" class=\"elementor-menu-toggle__icon--open eicon-menu-bar\"><\/i><i aria-hidden=\"true\" role=\"presentation\" class=\"elementor-menu-toggle__icon--close eicon-close\"><\/i>\t\t\t<span class=\"elementor-screen-only\">Men\u00fc<\/span>\n\t\t<\/div>\n\t\t\t\t\t<nav class=\"elementor-nav-menu--dropdown elementor-nav-menu__container\" aria-hidden=\"true\">\n\t\t\t\t<ul id=\"menu-2-8194988\" class=\"elementor-nav-menu\"><li class=\"menu-item menu-item-type-post_type menu-item-object-page menu-item-19633\"><a href=\"https:\/\/acu-sy.org\/dashboard\/\" class=\"elementor-item\" tabindex=\"-1\">G\u00f6sterge Paneli<\/a><\/li>\n<li class=\"menu-item menu-item-type-post_type menu-item-object-page menu-item-19570\"><a href=\"https:\/\/acu-sy.org\/add-report\/\" class=\"elementor-item\" tabindex=\"-1\">Rapor Ekle<\/a><\/li>\n<li class=\"menu-item menu-item-type-custom menu-item-object-custom menu-item-3525\"><a href=\"https:\/\/acu-sy.org\/wp-login.php?action=logout\" class=\"elementor-item\" tabindex=\"-1\">Logout<\/a><\/li>\n<\/ul>\t\t\t<\/nav>\n\t\t\t\t\t\t<\/div>\n\t\t\t\t<\/div>\n\t\t\t\t\t<\/div>\n\t\t<\/div>\n\t\t\t\t<div class=\"elementor-column elementor-col-33 elementor-top-column elementor-element elementor-element-78982e6\" data-id=\"78982e6\" data-element_type=\"column\">\n\t\t\t<div class=\"elementor-widget-wrap elementor-element-populated\">\n\t\t\t\t\t\t<div class=\"elementor-element elementor-element-6327bb3 elementor-widget elementor-widget-image\" data-id=\"6327bb3\" data-element_type=\"widget\" data-widget_type=\"image.default\">\n\t\t\t\t<div class=\"elementor-widget-container\">\n\t\t\t\t\t\t\t\t\t\t\t\t\t\t\t<img decoding=\"async\" src=\"https:\/\/secure.gravatar.com\/avatar\/?s=96&#038;d=mm&#038;r=g\" title=\"\" alt=\"\" loading=\"lazy\" \/>\t\t\t\t\t\t\t\t\t\t\t\t\t\t\t<\/div>\n\t\t\t\t<\/div>\n\t\t\t\t\t<\/div>\n\t\t<\/div>\n\t\t\t\t\t<\/div>\n\t\t<\/section>\n\t\t\t\t<section class=\"elementor-section elementor-top-section elementor-element elementor-element-27e3d27 elementor-section-boxed elementor-section-height-default elementor-section-height-default\" data-id=\"27e3d27\" data-element_type=\"section\">\n\t\t\t\t\t\t<div class=\"elementor-container elementor-column-gap-default\">\n\t\t\t\t\t<div class=\"elementor-column elementor-col-25 elementor-top-column elementor-element elementor-element-00cef0b\" data-id=\"00cef0b\" data-element_type=\"column\">\n\t\t\t<div class=\"elementor-widget-wrap elementor-element-populated\">\n\t\t\t\t\t\t<div class=\"elementor-element elementor-element-b67e372 elementor-widget elementor-widget-image\" data-id=\"b67e372\" data-element_type=\"widget\" data-widget_type=\"image.default\">\n\t\t\t\t<div class=\"elementor-widget-container\">\n\t\t\t\t\t\t\t\t\t\t\t\t\t\t\t<img decoding=\"async\" src=\"https:\/\/secure.gravatar.com\/avatar\/?s=96&#038;d=mm&#038;r=g\" title=\"\" alt=\"\" loading=\"lazy\" \/>\t\t\t\t\t\t\t\t\t\t\t\t\t\t\t<\/div>\n\t\t\t\t<\/div>\n\t\t\t\t\t<\/div>\n\t\t<\/div>\n\t\t\t\t<div class=\"elementor-column elementor-col-50 elementor-top-column elementor-element elementor-element-4e5329f\" data-id=\"4e5329f\" data-element_type=\"column\">\n\t\t\t<div class=\"elementor-widget-wrap elementor-element-populated\">\n\t\t\t\t\t\t\t<\/div>\n\t\t<\/div>\n\t\t\t\t<div class=\"elementor-column elementor-col-25 elementor-top-column elementor-element elementor-element-f4776f1\" data-id=\"f4776f1\" data-element_type=\"column\">\n\t\t\t<div class=\"elementor-widget-wrap\">\n\t\t\t\t\t\t\t<\/div>\n\t\t<\/div>\n\t\t\t\t\t<\/div>\n\t\t<\/section>\n\t\t\t\t<section class=\"elementor-section elementor-top-section elementor-element elementor-element-d865294 elementor-section-boxed elementor-section-height-default elementor-section-height-default\" data-id=\"d865294\" data-element_type=\"section\">\n\t\t\t\t\t\t<div class=\"elementor-container elementor-column-gap-default\">\n\t\t\t\t\t<div class=\"elementor-column elementor-col-100 elementor-top-column elementor-element elementor-element-0e827a4\" data-id=\"0e827a4\" data-element_type=\"column\">\n\t\t\t<div class=\"elementor-widget-wrap elementor-element-populated\">\n\t\t\t\t\t\t<div class=\"elementor-element elementor-element-df2ffe1 elementor-widget elementor-widget-edit_post\" data-id=\"df2ffe1\" data-element_type=\"widget\" data-widget_type=\"edit_post.default\">\n\t\t\t\t<div class=\"elementor-widget-container\">\n\t\t\t\t\t\t\t\t<form data-id=\"30435_elementor_df2ffe1\" class=\"frontend-form -submit\" action=\"\" method=\"post\" novalidate=\"novalidate\" data-error-message=\"There has been an error. Form has been submitted successfully, but some actions might not have been completed.\"> \r\n\t\t\t\t\t\t<div class=\"acf-form-data acf-hidden\">\r\n\t\t\t<input type=\"hidden\" name=\"_acf_screen\" value=\"fea_form\"\/><input type=\"hidden\" name=\"_acf_nonce\" value=\"c248a47b33\"\/><input type=\"hidden\" name=\"_acf_validation\" value=\"1\"\/><input type=\"hidden\" name=\"_acf_changed\" value=\"0\"\/><input type=\"hidden\" name=\"_acf_status\" value=\"\"\/><input type=\"hidden\" name=\"_acf_message\" value=\"\"\/><input type=\"hidden\" name=\"_acf_required_message\" value=\"This field is required.\"\/><input type=\"hidden\" name=\"_acf_current_url\" value=\"https:\/\/acu-sy.org\/tr\/wp-json\/wp\/v2\/pages\/30435\/?\"\/><input type=\"hidden\" name=\"_acf_taxonomy_type\" value=\"elementor_library_type\"\/><input type=\"hidden\" name=\"_acf_form\" value=\"30435_elementor_df2ffe1\"\/><input type=\"hidden\" name=\"_acf_referer_url\" value=\"https:\/\/acu-sy.org\/tr\/wp-json\/wp\/v2\/pages\/30435\/?\"\/><input type=\"hidden\" name=\"_acf_objects\" value=\"REZjSHEwQlVYZ2hHb1ZXa3pnTlZ2bE1WaldSeTYveTJCVjRQWUFmbWhwdjYxVFVMSTUwRW02VGRqR29tYzg5NkdWa0dob0djUE91MlRwenpYa2tsQmZyYnVpLzFvUzFqWDY3ZklsMnJoODg9Ojr6J1lZhJ78MT6gWtJqZjt4\"\/>\t\t\t<\/div>\r\n\t\t\t\t\t\t<div class=\"acf-fields acf-form-fields -top\">\t\t\t\t  \r\n\t\t\t\t\t\t<\/div>\r\n\t\t\t<\/form>\r\n\t\t\t\t\t\t\t<\/div>\n\t\t\t\t<\/div>\n\t\t\t\t\t<\/div>\n\t\t<\/div>\n\t\t\t\t\t<\/div>\n\t\t<\/section>\n\t\t\t\t<\/div>\n\t\t","protected":false},"excerpt":{"rendered":"<p>Add A Post Position * Location * GaziantepIdlibAleppo Type * Full-TimePart-Time Info. * Add MediaTypes Visual Text Link<\/p>\n","protected":false},"author":2,"featured_media":0,"parent":0,"menu_order":0,"comment_status":"closed","ping_status":"closed","template":"elementor_canvas","meta":{"_acf_changed":false,"footnotes":""},"class_list":["post-30435","page","type-page","status-publish","hentry"],"acf":[],"_links":{"self":[{"href":"https:\/\/acu-sy.org\/tr\/wp-json\/wp\/v2\/pages\/30435","targetHints":{"allow":["GET"]}}],"collection":[{"href":"https:\/\/acu-sy.org\/tr\/wp-json\/wp\/v2\/pages"}],"about":[{"href":"https:\/\/acu-sy.org\/tr\/wp-json\/wp\/v2\/types\/page"}],"author":[{"embeddable":true,"href":"https:\/\/acu-sy.org\/tr\/wp-json\/wp\/v2\/users\/2"}],"replies":[{"embeddable":true,"href":"https:\/\/acu-sy.org\/tr\/wp-json\/wp\/v2\/comments?post=30435"}],"version-history":[{"count":0,"href":"https:\/\/acu-sy.org\/tr\/wp-json\/wp\/v2\/pages\/30435\/revisions"}],"wp:attachment":[{"href":"https:\/\/acu-sy.org\/tr\/wp-json\/wp\/v2\/media?parent=30435"}],"curies":[{"name":"wp","href":"https:\/\/api.w.org\/{rel}","templated":true}]}}