{"id":30472,"date":"2022-01-12T09:19:51","date_gmt":"2022-01-12T06:19:51","guid":{"rendered":"https:\/\/acu-sy.org\/operating-information-of-pumping-stations\/"},"modified":"2024-05-28T23:23:19","modified_gmt":"2024-05-28T20:23:19","slug":"operating-information-of-pumping-stations","status":"publish","type":"page","link":"https:\/\/acu-sy.org\/tr\/operating-information-of-pumping-stations\/","title":{"rendered":"Pompa \u0130stasyonlar\u0131n\u0131n \u0130\u015fletme Bilgileri"},"content":{"rendered":"\t\t<div data-elementor-type=\"wp-page\" data-elementor-id=\"30472\" class=\"elementor elementor-30472 elementor-8675\" data-elementor-post-type=\"page\">\n\t\t\t\t\t\t<section class=\"elementor-section elementor-top-section elementor-element elementor-element-a7a4d07 elementor-section-stretched elementor-section-boxed elementor-section-height-default elementor-section-height-default\" data-id=\"a7a4d07\" data-element_type=\"section\" data-settings=\"{&quot;background_background&quot;:&quot;classic&quot;,&quot;stretch_section&quot;:&quot;section-stretched&quot;}\">\n\t\t\t\t\t\t<div class=\"elementor-container elementor-column-gap-default\">\n\t\t\t\t\t<div class=\"elementor-column elementor-col-100 elementor-top-column elementor-element elementor-element-dbe3c1d\" data-id=\"dbe3c1d\" data-element_type=\"column\">\n\t\t\t<div class=\"elementor-widget-wrap elementor-element-populated\">\n\t\t\t\t\t\t<div class=\"elementor-element elementor-element-561ea05 elementor-position-left elementor-vertical-align-middle elementor-widget elementor-widget-image-box\" data-id=\"561ea05\" data-element_type=\"widget\" data-widget_type=\"image-box.default\">\n\t\t\t\t<div class=\"elementor-widget-container\">\n\t\t\t\t\t<div class=\"elementor-image-box-wrapper\"><figure class=\"elementor-image-box-img\"><img fetchpriority=\"high\" decoding=\"async\" width=\"842\" height=\"842\" src=\"https:\/\/acu-sy.org\/wp-content\/uploads\/2022\/02\/Asset-64@11w2x.png\" class=\"attachment-full size-full wp-image-12908\" alt=\"\" srcset=\"https:\/\/acu-sy.org\/wp-content\/uploads\/2022\/02\/Asset-64@11w2x.png 842w, https:\/\/acu-sy.org\/wp-content\/uploads\/2022\/02\/Asset-64@11w2x-300x300.png 300w, https:\/\/acu-sy.org\/wp-content\/uploads\/2022\/02\/Asset-64@11w2x-150x150.png 150w, https:\/\/acu-sy.org\/wp-content\/uploads\/2022\/02\/Asset-64@11w2x-768x768.png 768w, https:\/\/acu-sy.org\/wp-content\/uploads\/2022\/02\/Asset-64@11w2x-146x146.png 146w, https:\/\/acu-sy.org\/wp-content\/uploads\/2022\/02\/Asset-64@11w2x-50x50.png 50w, https:\/\/acu-sy.org\/wp-content\/uploads\/2022\/02\/Asset-64@11w2x-75x75.png 75w, https:\/\/acu-sy.org\/wp-content\/uploads\/2022\/02\/Asset-64@11w2x-85x85.png 85w, https:\/\/acu-sy.org\/wp-content\/uploads\/2022\/02\/Asset-64@11w2x-80x80.png 80w\" sizes=\"(max-width: 842px) 100vw, 842px\" \/><\/figure><div class=\"elementor-image-box-content\"><h3 class=\"elementor-image-box-title\">Pompa \u0130stasyonlar\u0131n\u0131n Etkile\u015fimli Raporu (\u0130\u015fletme Bilgileri)<\/h3><\/div><\/div>\t\t\t\t<\/div>\n\t\t\t\t<\/div>\n\t\t\t\t<div class=\"elementor-element elementor-element-d35f171 elementor-widget-divider--view-line elementor-widget elementor-widget-divider\" data-id=\"d35f171\" data-element_type=\"widget\" data-widget_type=\"divider.default\">\n\t\t\t\t<div class=\"elementor-widget-container\">\n\t\t\t\t\t\t\t<div class=\"elementor-divider\">\n\t\t\t<span class=\"elementor-divider-separator\">\n\t\t\t\t\t\t<\/span>\n\t\t<\/div>\n\t\t\t\t\t\t<\/div>\n\t\t\t\t<\/div>\n\t\t\t\t\t<\/div>\n\t\t<\/div>\n\t\t\t\t\t<\/div>\n\t\t<\/section>\n\t\t\t\t<section class=\"elementor-section elementor-top-section elementor-element elementor-element-d385538 elementor-section-stretched elementor-section-boxed elementor-section-height-default elementor-section-height-default\" data-id=\"d385538\" data-element_type=\"section\" data-settings=\"{&quot;stretch_section&quot;:&quot;section-stretched&quot;}\">\n\t\t\t\t\t\t<div class=\"elementor-container elementor-column-gap-default\">\n\t\t\t\t\t<div class=\"elementor-column elementor-col-100 elementor-top-column elementor-element elementor-element-15d1e6e\" data-id=\"15d1e6e\" data-element_type=\"column\">\n\t\t\t<div class=\"elementor-widget-wrap elementor-element-populated\">\n\t\t\t\t\t\t<div class=\"elementor-element elementor-element-a85068d elementor-hidden-mobile elementor-widget elementor-widget-html\" data-id=\"a85068d\" data-element_type=\"widget\" data-widget_type=\"html.default\">\n\t\t\t\t<div class=\"elementor-widget-container\">\n\t\t\t\t\t<iframe title=\"New MPI\" width=\"1024\" height=\"704\" src=\"https:\/\/app.powerbi.com\/view?r=eyJrIjoiZmY4NmZhMzgtNWJkYi00NzM5LThlMDAtMTIxNjhlNmNhNTVlIiwidCI6ImZiMTU5MTQzLTlhNTYtNDRlYS04MWMzLTNiM2NkNGJkMmQ2NyIsImMiOjl9\" frameborder=\"0\" allowFullScreen=\"true\"><\/iframe>\t\t\t\t<\/div>\n\t\t\t\t<\/div>\n\t\t\t\t<div class=\"elementor-element elementor-element-18137a1 elementor-hidden-desktop elementor-hidden-tablet elementor-widget elementor-widget-html\" data-id=\"18137a1\" data-element_type=\"widget\" data-widget_type=\"html.default\">\n\t\t\t\t<div class=\"elementor-widget-container\">\n\t\t\t\t\t<iframe title=\"New MPI\" width=\"1024\" height=\"400\" src=\"https:\/\/app.powerbi.com\/view?r=eyJrIjoiZmY4NmZhMzgtNWJkYi00NzM5LThlMDAtMTIxNjhlNmNhNTVlIiwidCI6ImZiMTU5MTQzLTlhNTYtNDRlYS04MWMzLTNiM2NkNGJkMmQ2NyIsImMiOjl9\" frameborder=\"0\" allowFullScreen=\"true\"><\/iframe>\t\t\t\t<\/div>\n\t\t\t\t<\/div>\n\t\t\t\t\t<\/div>\n\t\t<\/div>\n\t\t\t\t\t<\/div>\n\t\t<\/section>\n\t\t\t\t<\/div>\n\t\t","protected":false},"excerpt":{"rendered":"<p>Pompa \u0130stasyonlar\u0131n\u0131n Etkile\u015fimli Raporu (\u0130\u015fletme Bilgileri)<\/p>\n","protected":false},"author":2,"featured_media":0,"parent":0,"menu_order":0,"comment_status":"closed","ping_status":"closed","template":"","meta":{"_acf_changed":false,"footnotes":""},"class_list":["post-30472","page","type-page","status-publish","hentry"],"acf":[],"_links":{"self":[{"href":"https:\/\/acu-sy.org\/tr\/wp-json\/wp\/v2\/pages\/30472","targetHints":{"allow":["GET"]}}],"collection":[{"href":"https:\/\/acu-sy.org\/tr\/wp-json\/wp\/v2\/pages"}],"about":[{"href":"https:\/\/acu-sy.org\/tr\/wp-json\/wp\/v2\/types\/page"}],"author":[{"embeddable":true,"href":"https:\/\/acu-sy.org\/tr\/wp-json\/wp\/v2\/users\/2"}],"replies":[{"embeddable":true,"href":"https:\/\/acu-sy.org\/tr\/wp-json\/wp\/v2\/comments?post=30472"}],"version-history":[{"count":0,"href":"https:\/\/acu-sy.org\/tr\/wp-json\/wp\/v2\/pages\/30472\/revisions"}],"wp:attachment":[{"href":"https:\/\/acu-sy.org\/tr\/wp-json\/wp\/v2\/media?parent=30472"}],"curies":[{"name":"wp","href":"https:\/\/api.w.org\/{rel}","templated":true}]}}