{"id":30511,"date":"2022-01-12T09:17:17","date_gmt":"2022-01-12T06:17:17","guid":{"rendered":"https:\/\/acu-sy.org\/technical-specifications-of-pumping-stations\/"},"modified":"2024-05-28T23:47:25","modified_gmt":"2024-05-28T20:47:25","slug":"technical-specifications-of-pumping-stations","status":"publish","type":"page","link":"https:\/\/acu-sy.org\/tr\/technical-specifications-of-pumping-stations\/","title":{"rendered":"Pompa \u0130stasyonlar\u0131n\u0131n Teknik \u00d6zellikleri"},"content":{"rendered":"\t\t<div data-elementor-type=\"wp-page\" data-elementor-id=\"30511\" class=\"elementor elementor-30511 elementor-8667\" data-elementor-post-type=\"page\">\n\t\t\t\t\t\t<section class=\"elementor-section elementor-top-section elementor-element elementor-element-254ff0d elementor-section-stretched elementor-section-boxed elementor-section-height-default elementor-section-height-default\" data-id=\"254ff0d\" data-element_type=\"section\" data-settings=\"{&quot;background_background&quot;:&quot;classic&quot;,&quot;stretch_section&quot;:&quot;section-stretched&quot;}\">\n\t\t\t\t\t\t<div class=\"elementor-container elementor-column-gap-default\">\n\t\t\t\t\t<div class=\"elementor-column elementor-col-100 elementor-top-column elementor-element elementor-element-9aa304d\" data-id=\"9aa304d\" data-element_type=\"column\">\n\t\t\t<div class=\"elementor-widget-wrap elementor-element-populated\">\n\t\t\t\t\t\t<div class=\"elementor-element elementor-element-ee45daa elementor-position-left elementor-vertical-align-middle elementor-widget elementor-widget-image-box\" data-id=\"ee45daa\" data-element_type=\"widget\" data-widget_type=\"image-box.default\">\n\t\t\t\t<div class=\"elementor-widget-container\">\n\t\t\t\t\t<div class=\"elementor-image-box-wrapper\"><figure class=\"elementor-image-box-img\"><img fetchpriority=\"high\" decoding=\"async\" width=\"842\" height=\"842\" src=\"https:\/\/acu-sy.org\/wp-content\/uploads\/2022\/02\/Asset-63@11w2x.png\" class=\"attachment-full size-full wp-image-12902\" alt=\"\" srcset=\"https:\/\/acu-sy.org\/wp-content\/uploads\/2022\/02\/Asset-63@11w2x.png 842w, https:\/\/acu-sy.org\/wp-content\/uploads\/2022\/02\/Asset-63@11w2x-300x300.png 300w, https:\/\/acu-sy.org\/wp-content\/uploads\/2022\/02\/Asset-63@11w2x-150x150.png 150w, https:\/\/acu-sy.org\/wp-content\/uploads\/2022\/02\/Asset-63@11w2x-768x768.png 768w, https:\/\/acu-sy.org\/wp-content\/uploads\/2022\/02\/Asset-63@11w2x-146x146.png 146w, https:\/\/acu-sy.org\/wp-content\/uploads\/2022\/02\/Asset-63@11w2x-50x50.png 50w, https:\/\/acu-sy.org\/wp-content\/uploads\/2022\/02\/Asset-63@11w2x-75x75.png 75w, https:\/\/acu-sy.org\/wp-content\/uploads\/2022\/02\/Asset-63@11w2x-85x85.png 85w, https:\/\/acu-sy.org\/wp-content\/uploads\/2022\/02\/Asset-63@11w2x-80x80.png 80w\" sizes=\"(max-width: 842px) 100vw, 842px\" \/><\/figure><div class=\"elementor-image-box-content\"><h3 class=\"elementor-image-box-title\">Pompa \u0130stasyonlar\u0131n\u0131n Etkile\u015fimli Raporu<\/br> (Teknik \u00d6zellikler)<\/h3><\/div><\/div>\t\t\t\t<\/div>\n\t\t\t\t<\/div>\n\t\t\t\t<div class=\"elementor-element elementor-element-84483f7 elementor-widget-divider--view-line elementor-widget elementor-widget-divider\" data-id=\"84483f7\" data-element_type=\"widget\" data-widget_type=\"divider.default\">\n\t\t\t\t<div class=\"elementor-widget-container\">\n\t\t\t\t\t\t\t<div class=\"elementor-divider\">\n\t\t\t<span class=\"elementor-divider-separator\">\n\t\t\t\t\t\t<\/span>\n\t\t<\/div>\n\t\t\t\t\t\t<\/div>\n\t\t\t\t<\/div>\n\t\t\t\t\t<\/div>\n\t\t<\/div>\n\t\t\t\t\t<\/div>\n\t\t<\/section>\n\t\t\t\t<section class=\"elementor-section elementor-top-section elementor-element elementor-element-169cb71 elementor-section-stretched elementor-section-boxed elementor-section-height-default elementor-section-height-default\" data-id=\"169cb71\" data-element_type=\"section\" data-settings=\"{&quot;stretch_section&quot;:&quot;section-stretched&quot;}\">\n\t\t\t\t\t\t<div class=\"elementor-container elementor-column-gap-default\">\n\t\t\t\t\t<div class=\"elementor-column elementor-col-100 elementor-top-column elementor-element elementor-element-65b5fb9\" data-id=\"65b5fb9\" data-element_type=\"column\">\n\t\t\t<div class=\"elementor-widget-wrap elementor-element-populated\">\n\t\t\t\t\t\t<div class=\"elementor-element elementor-element-67570a2 elementor-hidden-mobile elementor-widget elementor-widget-html\" data-id=\"67570a2\" data-element_type=\"widget\" data-widget_type=\"html.default\">\n\t\t\t\t<div class=\"elementor-widget-container\">\n\t\t\t\t\t<iframe title=\"New MPI\" width=\"1024\" height=\"704\" src=\"https:\/\/app.powerbi.com\/view?r=eyJrIjoiOTdlNzU5MGUtMGY1Ny00NDEzLTk5ZjAtZTZmZDZkZTE0NDA0IiwidCI6ImZiMTU5MTQzLTlhNTYtNDRlYS04MWMzLTNiM2NkNGJkMmQ2NyIsImMiOjl9&pageName=ReportSection9e20fd5776e78b760d58\" frameborder=\"0\" allowFullScreen=\"true\"><\/iframe>\t\t\t\t<\/div>\n\t\t\t\t<\/div>\n\t\t\t\t<div class=\"elementor-element elementor-element-068e36a elementor-hidden-desktop elementor-hidden-tablet elementor-widget elementor-widget-html\" data-id=\"068e36a\" data-element_type=\"widget\" data-widget_type=\"html.default\">\n\t\t\t\t<div class=\"elementor-widget-container\">\n\t\t\t\t\t<iframe title=\"New MPI\" width=\"1024\" height=\"350\" src=\"https:\/\/app.powerbi.com\/view?r=eyJrIjoiOTdlNzU5MGUtMGY1Ny00NDEzLTk5ZjAtZTZmZDZkZTE0NDA0IiwidCI6ImZiMTU5MTQzLTlhNTYtNDRlYS04MWMzLTNiM2NkNGJkMmQ2NyIsImMiOjl9&pageName=ReportSection9e20fd5776e78b760d58\" frameborder=\"0\" allowFullScreen=\"true\"><\/iframe>\t\t\t\t<\/div>\n\t\t\t\t<\/div>\n\t\t\t\t\t<\/div>\n\t\t<\/div>\n\t\t\t\t\t<\/div>\n\t\t<\/section>\n\t\t\t\t<\/div>\n\t\t","protected":false},"excerpt":{"rendered":"<p>Pompa \u0130stasyonlar\u0131n\u0131n Etkile\u015fimli Raporu (Teknik \u00d6zellikler)<\/p>\n","protected":false},"author":2,"featured_media":0,"parent":0,"menu_order":0,"comment_status":"closed","ping_status":"closed","template":"","meta":{"_acf_changed":false,"footnotes":""},"class_list":["post-30511","page","type-page","status-publish","hentry"],"acf":[],"_links":{"self":[{"href":"https:\/\/acu-sy.org\/tr\/wp-json\/wp\/v2\/pages\/30511","targetHints":{"allow":["GET"]}}],"collection":[{"href":"https:\/\/acu-sy.org\/tr\/wp-json\/wp\/v2\/pages"}],"about":[{"href":"https:\/\/acu-sy.org\/tr\/wp-json\/wp\/v2\/types\/page"}],"author":[{"embeddable":true,"href":"https:\/\/acu-sy.org\/tr\/wp-json\/wp\/v2\/users\/2"}],"replies":[{"embeddable":true,"href":"https:\/\/acu-sy.org\/tr\/wp-json\/wp\/v2\/comments?post=30511"}],"version-history":[{"count":0,"href":"https:\/\/acu-sy.org\/tr\/wp-json\/wp\/v2\/pages\/30511\/revisions"}],"wp:attachment":[{"href":"https:\/\/acu-sy.org\/tr\/wp-json\/wp\/v2\/media?parent=30511"}],"curies":[{"name":"wp","href":"https:\/\/api.w.org\/{rel}","templated":true}]}}